{"id":1793,"date":"2025-03-15T17:03:54","date_gmt":"2025-03-15T15:03:54","guid":{"rendered":"https:\/\/www.crocedimalta.info\/kontakt\/"},"modified":"2026-04-28T20:49:12","modified_gmt":"2026-04-28T18:49:12","slug":"kontakt","status":"publish","type":"page","link":"https:\/\/www.crocedimalta.info\/de\/kontakt\/","title":{"rendered":"Kontakt"},"content":{"rendered":"\t\t<div data-elementor-type=\"wp-page\" data-elementor-id=\"1793\" class=\"elementor elementor-1793 elementor-944\" data-elementor-post-type=\"page\">\n\t\t\t\t<div class=\"elementor-element elementor-element-ef493f2 e-flex e-con-boxed e-con e-parent\" data-id=\"ef493f2\" data-element_type=\"container\" data-e-type=\"container\">\n\t\t\t\t\t<div class=\"e-con-inner\">\n\t\t<div class=\"elementor-element elementor-element-8d3e8a3 e-con-full e-flex e-con e-child\" data-id=\"8d3e8a3\" data-element_type=\"container\" data-e-type=\"container\">\n\t\t<div class=\"elementor-element elementor-element-ed6dd91 e-con-full e-flex e-con e-child\" data-id=\"ed6dd91\" data-element_type=\"container\" data-e-type=\"container\">\n\t\t\t\t<div class=\"elementor-element elementor-element-12e682e elementor-widget elementor-widget-heading\" data-id=\"12e682e\" data-element_type=\"widget\" data-e-type=\"widget\" data-widget_type=\"heading.default\">\n\t\t\t\t<div class=\"elementor-widget-container\">\n\t\t\t\t\t<div class=\"elementor-heading-title elementor-size-default\">M\u00f6chten Sie mehr \u00fcber unsere Dienstleistungen, unsere Angebote oder die Verf\u00fcgbarkeit unserer Zimmer erfahren?<\/div>\t\t\t\t<\/div>\n\t\t\t\t<\/div>\n\t\t\t\t<div class=\"elementor-element elementor-element-e685463 elementor-widget elementor-widget-heading\" data-id=\"e685463\" data-element_type=\"widget\" data-e-type=\"widget\" data-widget_type=\"heading.default\">\n\t\t\t\t<div class=\"elementor-widget-container\">\n\t\t\t\t\t<h2 class=\"elementor-heading-title elementor-size-default\">Kontaktieren Sie uns oder buchen Sie jetzt<\/h2>\t\t\t\t<\/div>\n\t\t\t\t<\/div>\n\t\t\t\t<div class=\"elementor-element elementor-element-f3bde20 elementor-widget__width-initial elementor-widget elementor-widget-heading\" data-id=\"f3bde20\" data-element_type=\"widget\" data-e-type=\"widget\" data-widget_type=\"heading.default\">\n\t\t\t\t<div class=\"elementor-widget-container\">\n\t\t\t\t\t<div class=\"elementor-heading-title elementor-size-default\">F\u00fcllen Sie das nebenstehende Formular aus, wir freuen uns darauf,\nSie zu kontaktieren!<\/div>\t\t\t\t<\/div>\n\t\t\t\t<\/div>\n\t\t\t\t<div class=\"elementor-element elementor-element-db7cca1 elementor-widget elementor-widget-text-editor\" data-id=\"db7cca1\" data-element_type=\"widget\" data-e-type=\"widget\" data-widget_type=\"text-editor.default\">\n\t\t\t\t<div class=\"elementor-widget-container\">\n\t\t\t\t\t\t\t\t\t<p>Turbo Sas di Contarin P. &amp; C.<br>Hotel Croce di Malta<\/p><p>Via Altinate, 6 acc. al mare n.2 C.P. 250 &#8211; 30016<br>Lido di Jesolo VENEDIG ITALIEN <\/p><div>T <a class=\"cntp-link-cs\" href=\"tel:+390421961767\">+39 0421 961767<\/a><br>F +39 0421 961768<br><a class=\"cntp-link-cs\" href=\"mailto:hotel@crocedimalta.info\">hotel@crocedimalta.info<\/a><\/div>\t\t\t\t\t\t\t\t<\/div>\n\t\t\t\t<\/div>\n\t\t\t\t<\/div>\n\t\t<div class=\"elementor-element elementor-element-55ea7d0 e-con-full e-flex e-con e-child\" data-id=\"55ea7d0\" data-element_type=\"container\" data-e-type=\"container\">\n\t\t<div class=\"elementor-element elementor-element-7496368 e-con-full e-flex e-con e-child\" data-id=\"7496368\" data-element_type=\"container\" data-e-type=\"container\" data-settings=\"{&quot;background_background&quot;:&quot;classic&quot;}\">\n\t\t\t\t<div class=\"elementor-element elementor-element-03b3d84 form-wrapper-cs elementor-widget elementor-widget-form\" data-id=\"03b3d84\" data-element_type=\"widget\" data-e-type=\"widget\" data-settings=\"{&quot;step_next_label&quot;:&quot;N\\u00e4chster&quot;,&quot;step_previous_label&quot;:&quot;Vorheriger&quot;,&quot;button_width&quot;:&quot;100&quot;,&quot;step_type&quot;:&quot;number_text&quot;,&quot;step_icon_shape&quot;:&quot;circle&quot;}\" data-widget_type=\"form.default\">\n\t\t\t\t<div class=\"elementor-widget-container\">\n\t\t\t\t\t\t\t<form class=\"elementor-form\" method=\"post\" name=\"Neues Formular\" aria-label=\"Neues Formular\">\n\t\t\t<input type=\"hidden\" name=\"post_id\" value=\"1793\"\/>\n\t\t\t<input type=\"hidden\" name=\"form_id\" value=\"03b3d84\"\/>\n\t\t\t<input type=\"hidden\" name=\"referer_title\" value=\"Kontakt - Croce di Malta\" \/>\n\n\t\t\t\t\t\t\t<input type=\"hidden\" name=\"queried_id\" value=\"1793\"\/>\n\t\t\t\n\t\t\t<div class=\"elementor-form-fields-wrapper elementor-labels-above\">\n\t\t\t\t\t\t\t\t<div class=\"elementor-field-type-date elementor-field-group elementor-column elementor-field-group-name elementor-col-50\">\n\t\t\t\t\t\t\t\t\t\t\t\t<label for=\"form-field-name\" class=\"elementor-field-label\">\n\t\t\t\t\t\t\t\tVon\t\t\t\t\t\t\t<\/label>\n\t\t\t\t\t\t\n\t\t<input type=\"date\" name=\"form_fields[name]\" id=\"form-field-name\" class=\"elementor-field elementor-size-sm  elementor-field-textual elementor-date-field\" placeholder=\"xx.xx.xxxx\" pattern=\"[0-9]{4}-[0-9]{2}-[0-9]{2}\">\n\t\t\t\t\t\t<\/div>\n\t\t\t\t\t\t\t\t<div class=\"elementor-field-type-date elementor-field-group elementor-column elementor-field-group-email elementor-col-50 elementor-field-required\">\n\t\t\t\t\t\t\t\t\t\t\t\t<label for=\"form-field-email\" class=\"elementor-field-label\">\n\t\t\t\t\t\t\t\tBis\t\t\t\t\t\t\t<\/label>\n\t\t\t\t\t\t\n\t\t<input type=\"date\" name=\"form_fields[email]\" id=\"form-field-email\" class=\"elementor-field elementor-size-sm  elementor-field-textual elementor-date-field\" placeholder=\"xx.xx.xxxx\" required=\"required\" pattern=\"[0-9]{4}-[0-9]{2}-[0-9]{2}\">\n\t\t\t\t\t\t<\/div>\n\t\t\t\t\t\t\t\t<div class=\"elementor-field-type-select elementor-field-group elementor-column elementor-field-group-field_5bf0246 elementor-col-100 elementor-field-required\">\n\t\t\t\t\t\t\t\t\t\t\t\t<label for=\"form-field-field_5bf0246\" class=\"elementor-field-label\">\n\t\t\t\t\t\t\t\tZimmer\t\t\t\t\t\t\t<\/label>\n\t\t\t\t\t\t\t\t<div class=\"elementor-field elementor-select-wrapper remove-before \">\n\t\t\t<div class=\"select-caret-down-wrapper\">\n\t\t\t\t<svg aria-hidden=\"true\" class=\"e-font-icon-svg e-eicon-caret-down\" viewBox=\"0 0 571.4 571.4\" xmlns=\"http:\/\/www.w3.org\/2000\/svg\"><path d=\"M571 393Q571 407 561 418L311 668Q300 679 286 679T261 668L11 418Q0 407 0 393T11 368 36 357H536Q550 357 561 368T571 393Z\"><\/path><\/svg>\t\t\t<\/div>\n\t\t\t<select name=\"form_fields[field_5bf0246]\" id=\"form-field-field_5bf0246\" class=\"elementor-field-textual elementor-size-sm\" required=\"required\">\n\t\t\t\t\t\t\t\t\t<option value=\"Einzelzimmer Comfort\">Einzelzimmer Comfort<\/option>\n\t\t\t\t\t\t\t\t\t<option value=\"Comfort Deluxe\">Comfort Deluxe<\/option>\n\t\t\t\t\t\t\t\t\t<option value=\"Doppelzimmer direkt am Meer\">Doppelzimmer direkt am Meer<\/option>\n\t\t\t\t\t\t\t\t\t<option value=\"Doppelzimmer mit Meerblick\">Doppelzimmer mit Meerblick<\/option>\n\t\t\t\t\t\t\t\t\t<option value=\"Familienzimmer Doppel + Einzel\">Familienzimmer Doppel + Einzel<\/option>\n\t\t\t\t\t\t\t\t\t<option value=\"Familienzimmer Doppel + Doppel\">Familienzimmer Doppel + Doppel<\/option>\n\t\t\t\t\t\t\t<\/select>\n\t\t<\/div>\n\t\t\t\t\t\t<\/div>\n\t\t\t\t\t\t\t\t<div class=\"elementor-field-type-number elementor-field-group elementor-column elementor-field-group-message elementor-col-100\">\n\t\t\t\t\t\t\t\t\t\t\t\t<label for=\"form-field-message\" class=\"elementor-field-label\">\n\t\t\t\t\t\t\t\tErwachsene\t\t\t\t\t\t\t<\/label>\n\t\t\t\t\t\t\t\t\t<input type=\"number\" name=\"form_fields[message]\" id=\"form-field-message\" class=\"elementor-field elementor-size-sm  elementor-field-textual\" placeholder=\"W\u00e4hlen Sie die Anzahl der Erwachsenen\" min=\"\" max=\"\" >\n\t\t\t\t\t\t<\/div>\n\t\t\t\t\t\t\t\t<div class=\"elementor-field-type-number elementor-field-group elementor-column elementor-field-group-field_1ea17e1 elementor-col-100\">\n\t\t\t\t\t\t\t\t\t\t\t\t<label for=\"form-field-field_1ea17e1\" class=\"elementor-field-label\">\n\t\t\t\t\t\t\t\tKinder\t\t\t\t\t\t\t<\/label>\n\t\t\t\t\t\t\t\t\t<input type=\"number\" name=\"form_fields[field_1ea17e1]\" id=\"form-field-field_1ea17e1\" class=\"elementor-field elementor-size-sm  elementor-field-textual\" placeholder=\"W\u00e4hlen Sie die Anzahl der Kinder\" min=\"\" max=\"\" >\n\t\t\t\t\t\t<\/div>\n\t\t\t\t\t\t\t\t<div class=\"elementor-field-type-text elementor-field-group elementor-column elementor-field-group-field_5e97c4e elementor-col-100\">\n\t\t\t\t\t\t\t\t\t\t\t\t<label for=\"form-field-field_5e97c4e\" class=\"elementor-field-label\">\n\t\t\t\t\t\t\t\tAlter der Kinder\t\t\t\t\t\t\t<\/label>\n\t\t\t\t\t\t\t\t\t\t\t\t\t\t<input size=\"1\" type=\"text\" name=\"form_fields[field_5e97c4e]\" id=\"form-field-field_5e97c4e\" class=\"elementor-field elementor-size-sm  elementor-field-textual\" placeholder=\"Geben Sie das Alter der Kinder an\">\n\t\t\t\t\t\t\t\t\t\t\t<\/div>\n\t\t\t\t\t\t\t\t<div class=\"elementor-field-type-select elementor-field-group elementor-column elementor-field-group-field_802678f elementor-col-100\">\n\t\t\t\t\t\t\t\t\t\t\t\t<label for=\"form-field-field_802678f\" class=\"elementor-field-label\">\n\t\t\t\t\t\t\t\tBehandlung\t\t\t\t\t\t\t<\/label>\n\t\t\t\t\t\t\t\t<div class=\"elementor-field elementor-select-wrapper remove-before \">\n\t\t\t<div class=\"select-caret-down-wrapper\">\n\t\t\t\t<svg aria-hidden=\"true\" class=\"e-font-icon-svg e-eicon-caret-down\" viewBox=\"0 0 571.4 571.4\" xmlns=\"http:\/\/www.w3.org\/2000\/svg\"><path d=\"M571 393Q571 407 561 418L311 668Q300 679 286 679T261 668L11 418Q0 407 0 393T11 368 36 357H536Q550 357 561 368T571 393Z\"><\/path><\/svg>\t\t\t<\/div>\n\t\t\t<select name=\"form_fields[field_802678f]\" id=\"form-field-field_802678f\" class=\"elementor-field-textual elementor-size-sm\">\n\t\t\t\t\t\t\t\t\t<option value=\"\u00dcbernachtung mit Fr\u00fchst\u00fcck\">\u00dcbernachtung mit Fr\u00fchst\u00fcck<\/option>\n\t\t\t\t\t\t\t\t\t<option value=\"Halbpension\">Halbpension<\/option>\n\t\t\t\t\t\t\t\t\t<option value=\"Vollpension\">Vollpension<\/option>\n\t\t\t\t\t\t\t<\/select>\n\t\t<\/div>\n\t\t\t\t\t\t<\/div>\n\t\t\t\t\t\t\t\t<div class=\"elementor-field-type-text elementor-field-group elementor-column elementor-field-group-field_5a52d30 elementor-col-100\">\n\t\t\t\t\t\t\t\t\t\t\t\t\t<input size=\"1\" type=\"text\" name=\"form_fields[field_5a52d30]\" id=\"form-field-field_5a52d30\" class=\"elementor-field elementor-size-sm  elementor-field-textual\" placeholder=\"Vor- und Nachname\">\n\t\t\t\t\t\t\t\t\t\t\t<\/div>\n\t\t\t\t\t\t\t\t<div class=\"elementor-field-type-email elementor-field-group elementor-column elementor-field-group-field_c1e8ba3 elementor-col-100 elementor-field-required\">\n\t\t\t\t\t\t\t\t\t\t\t\t\t<input size=\"1\" type=\"email\" name=\"form_fields[field_c1e8ba3]\" id=\"form-field-field_c1e8ba3\" class=\"elementor-field elementor-size-sm  elementor-field-textual\" placeholder=\"E-Mail\" required=\"required\">\n\t\t\t\t\t\t\t\t\t\t\t<\/div>\n\t\t\t\t\t\t\t\t<div class=\"elementor-field-type-acceptance elementor-field-group elementor-column elementor-field-group-field_8612feb elementor-col-100\">\n\t\t\t\t\t\t\t<div class=\"elementor-field-subgroup\">\n\t\t\t<span class=\"elementor-field-option\">\n\t\t\t\t<input type=\"checkbox\" name=\"form_fields[field_8612feb]\" id=\"form-field-field_8612feb\" class=\"elementor-field elementor-size-sm  elementor-acceptance-field\">\n\t\t\t\t<label for=\"form-field-field_8612feb\">Ich erkl\u00e4re, die <a class=\"form-link-cs\" href=\"\/privacy-policy\/\">Datenschutzerkl\u00e4rung<\/a> gelesen zu haben und mit deren Bedingungen einverstanden zu sein.<\/label>\t\t\t<\/span>\n\t\t<\/div>\n\t\t\t\t\t\t<\/div>\n\t\t\t\t\t\t\t\t<div class=\"elementor-field-group elementor-column elementor-field-type-submit elementor-col-100 e-form__buttons\">\n\t\t\t\t\t<button class=\"elementor-button elementor-size-sm\" type=\"submit\">\n\t\t\t\t\t\t<span class=\"elementor-button-content-wrapper\">\n\t\t\t\t\t\t\t\t\t\t\t\t\t\t\t\t\t\t\t\t\t\t<span class=\"elementor-button-text\">Absenden<\/span>\n\t\t\t\t\t\t\t\t\t\t\t\t\t<\/span>\n\t\t\t\t\t<\/button>\n\t\t\t\t<\/div>\n\t\t\t<\/div>\n\t\t<\/form>\n\t\t\t\t\t\t<\/div>\n\t\t\t\t<\/div>\n\t\t\t\t<\/div>\n\t\t\t\t<\/div>\n\t\t\t\t<\/div>\n\t\t\t\t\t<\/div>\n\t\t\t\t<\/div>\n\t\t<div class=\"elementor-element elementor-element-7e187ec e-flex e-con-boxed e-con e-parent\" data-id=\"7e187ec\" data-element_type=\"container\" data-e-type=\"container\">\n\t\t\t\t\t<div class=\"e-con-inner\">\n\t\t<div class=\"elementor-element elementor-element-9ccc504 e-con-full e-flex e-con e-child\" data-id=\"9ccc504\" data-element_type=\"container\" data-e-type=\"container\">\n\t\t\t\t<div class=\"elementor-element elementor-element-e5ebfa6 elementor-widget elementor-widget-google_maps\" data-id=\"e5ebfa6\" data-element_type=\"widget\" data-e-type=\"widget\" data-widget_type=\"google_maps.default\">\n\t\t\t\t<div class=\"elementor-widget-container\">\n\t\t\t\t\t\t\t<div class=\"elementor-custom-embed\">\n\t\t\t<iframe loading=\"lazy\"\n\t\t\t\t\tsrc=\"https:\/\/maps.google.com\/maps?q=Hotel%20Croce%20di%20Malta%20Via%20Altinate%2C%206%20acc.%20al%20mare%20n.2%20C.P.%20250%20-%2030016%20Lido%20di%20Jesolo%20VENEZIA%20ITALY&#038;t=m&#038;z=18&#038;output=embed&#038;iwloc=near\"\n\t\t\t\t\ttitle=\"Hotel Croce di Malta Via Altinate, 6 acc. al mare n.2 C.P. 250 - 30016 Lido di Jesolo VENEZIA ITALY\"\n\t\t\t\t\taria-label=\"Hotel Croce di Malta Via Altinate, 6 acc. al mare n.2 C.P. 250 - 30016 Lido di Jesolo VENEZIA ITALY\"\n\t\t\t><\/iframe>\n\t\t<\/div>\n\t\t\t\t\t\t<\/div>\n\t\t\t\t<\/div>\n\t\t\t\t<\/div>\n\t\t\t\t\t<\/div>\n\t\t\t\t<\/div>\n\t\t\t\t<\/div>\n\t\t","protected":false},"excerpt":{"rendered":"<p>M\u00f6chten Sie mehr \u00fcber unsere Dienstleistungen, unsere Angebote oder die Verf\u00fcgbarkeit unserer Zimmer erfahren? Kontaktieren Sie uns oder buchen Sie jetzt F\u00fcllen Sie das nebenstehende Formular aus, wir freuen uns darauf, Sie zu kontaktieren! Turbo Sas di Contarin P. &amp; C.Hotel Croce di Malta Via Altinate, 6 Strandzugang Nr. 2 Postfach 250 &#8211; 30016Lido di [&hellip;]<\/p>\n","protected":false},"author":2,"featured_media":0,"parent":0,"menu_order":0,"comment_status":"closed","ping_status":"closed","template":"","meta":{"_acf_changed":false,"footnotes":""},"class_list":["post-1793","page","type-page","status-publish","hentry"],"acf":[],"yoast_head":"<!-- This site is optimized with the Yoast SEO plugin v27.5 - https:\/\/yoast.com\/product\/yoast-seo-wordpress\/ -->\n<title>Kontakt - Croce di Malta<\/title>\n<meta name=\"robots\" content=\"index, follow, max-snippet:-1, max-image-preview:large, max-video-preview:-1\" \/>\n<link rel=\"canonical\" href=\"https:\/\/www.crocedimalta.info\/de\/kontakt\/\" \/>\n<meta property=\"og:locale\" content=\"de_DE\" \/>\n<meta property=\"og:type\" content=\"article\" \/>\n<meta property=\"og:title\" content=\"Kontakt - Croce di Malta\" \/>\n<meta property=\"og:description\" content=\"M\u00f6chten Sie mehr \u00fcber unsere Dienstleistungen, unsere Angebote oder die Verf\u00fcgbarkeit unserer Zimmer erfahren? Kontaktieren Sie uns oder buchen Sie jetzt F\u00fcllen Sie das nebenstehende Formular aus, wir freuen uns darauf, Sie zu kontaktieren! Turbo Sas di Contarin P. &amp; C.Hotel Croce di Malta Via Altinate, 6 Strandzugang Nr. 2 Postfach 250 &#8211; 30016Lido di [&hellip;]\" \/>\n<meta property=\"og:url\" content=\"https:\/\/www.crocedimalta.info\/de\/kontakt\/\" \/>\n<meta property=\"og:site_name\" content=\"Croce di Malta\" \/>\n<meta property=\"article:modified_time\" content=\"2026-04-28T18:49:12+00:00\" \/>\n<meta name=\"twitter:card\" content=\"summary_large_image\" \/>\n<script type=\"application\/ld+json\" class=\"yoast-schema-graph\">{\"@context\":\"https:\\\/\\\/schema.org\",\"@graph\":[{\"@type\":\"WebPage\",\"@id\":\"https:\\\/\\\/www.crocedimalta.info\\\/de\\\/kontakt\\\/\",\"url\":\"https:\\\/\\\/www.crocedimalta.info\\\/de\\\/kontakt\\\/\",\"name\":\"Kontakt - Croce di Malta\",\"isPartOf\":{\"@id\":\"https:\\\/\\\/www.crocedimalta.info\\\/de\\\/#website\"},\"datePublished\":\"2025-03-15T15:03:54+00:00\",\"dateModified\":\"2026-04-28T18:49:12+00:00\",\"breadcrumb\":{\"@id\":\"https:\\\/\\\/www.crocedimalta.info\\\/de\\\/kontakt\\\/#breadcrumb\"},\"inLanguage\":\"de\",\"potentialAction\":[{\"@type\":\"ReadAction\",\"target\":[\"https:\\\/\\\/www.crocedimalta.info\\\/de\\\/kontakt\\\/\"]}]},{\"@type\":\"BreadcrumbList\",\"@id\":\"https:\\\/\\\/www.crocedimalta.info\\\/de\\\/kontakt\\\/#breadcrumb\",\"itemListElement\":[{\"@type\":\"ListItem\",\"position\":1,\"name\":\"Home\",\"item\":\"https:\\\/\\\/www.crocedimalta.info\\\/de\\\/startseite\\\/\"},{\"@type\":\"ListItem\",\"position\":2,\"name\":\"Kontakt\"}]},{\"@type\":\"WebSite\",\"@id\":\"https:\\\/\\\/www.crocedimalta.info\\\/de\\\/#website\",\"url\":\"https:\\\/\\\/www.crocedimalta.info\\\/de\\\/\",\"name\":\"Croce di Malta\",\"description\":\"\",\"publisher\":{\"@id\":\"https:\\\/\\\/www.crocedimalta.info\\\/de\\\/#organization\"},\"potentialAction\":[{\"@type\":\"SearchAction\",\"target\":{\"@type\":\"EntryPoint\",\"urlTemplate\":\"https:\\\/\\\/www.crocedimalta.info\\\/de\\\/?s={search_term_string}\"},\"query-input\":{\"@type\":\"PropertyValueSpecification\",\"valueRequired\":true,\"valueName\":\"search_term_string\"}}],\"inLanguage\":\"de\"},{\"@type\":\"Organization\",\"@id\":\"https:\\\/\\\/www.crocedimalta.info\\\/de\\\/#organization\",\"name\":\"Croce di Malta\",\"url\":\"https:\\\/\\\/www.crocedimalta.info\\\/de\\\/\",\"logo\":{\"@type\":\"ImageObject\",\"inLanguage\":\"de\",\"@id\":\"https:\\\/\\\/www.crocedimalta.info\\\/de\\\/#\\\/schema\\\/logo\\\/image\\\/\",\"url\":\"https:\\\/\\\/www.crocedimalta.info\\\/wp-content\\\/uploads\\\/2025\\\/03\\\/croce-di-malta-logo.png\",\"contentUrl\":\"https:\\\/\\\/www.crocedimalta.info\\\/wp-content\\\/uploads\\\/2025\\\/03\\\/croce-di-malta-logo.png\",\"width\":266,\"height\":122,\"caption\":\"Croce di Malta\"},\"image\":{\"@id\":\"https:\\\/\\\/www.crocedimalta.info\\\/de\\\/#\\\/schema\\\/logo\\\/image\\\/\"}}]}<\/script>\n<!-- \/ Yoast SEO plugin. -->","yoast_head_json":{"title":"Kontakt - Croce di Malta","robots":{"index":"index","follow":"follow","max-snippet":"max-snippet:-1","max-image-preview":"max-image-preview:large","max-video-preview":"max-video-preview:-1"},"canonical":"https:\/\/www.crocedimalta.info\/de\/kontakt\/","og_locale":"de_DE","og_type":"article","og_title":"Kontakt - Croce di Malta","og_description":"M\u00f6chten Sie mehr \u00fcber unsere Dienstleistungen, unsere Angebote oder die Verf\u00fcgbarkeit unserer Zimmer erfahren? Kontaktieren Sie uns oder buchen Sie jetzt F\u00fcllen Sie das nebenstehende Formular aus, wir freuen uns darauf, Sie zu kontaktieren! Turbo Sas di Contarin P. &amp; C.Hotel Croce di Malta Via Altinate, 6 Strandzugang Nr. 2 Postfach 250 &#8211; 30016Lido di [&hellip;]","og_url":"https:\/\/www.crocedimalta.info\/de\/kontakt\/","og_site_name":"Croce di Malta","article_modified_time":"2026-04-28T18:49:12+00:00","twitter_card":"summary_large_image","schema":{"@context":"https:\/\/schema.org","@graph":[{"@type":"WebPage","@id":"https:\/\/www.crocedimalta.info\/de\/kontakt\/","url":"https:\/\/www.crocedimalta.info\/de\/kontakt\/","name":"Kontakt - Croce di Malta","isPartOf":{"@id":"https:\/\/www.crocedimalta.info\/de\/#website"},"datePublished":"2025-03-15T15:03:54+00:00","dateModified":"2026-04-28T18:49:12+00:00","breadcrumb":{"@id":"https:\/\/www.crocedimalta.info\/de\/kontakt\/#breadcrumb"},"inLanguage":"de","potentialAction":[{"@type":"ReadAction","target":["https:\/\/www.crocedimalta.info\/de\/kontakt\/"]}]},{"@type":"BreadcrumbList","@id":"https:\/\/www.crocedimalta.info\/de\/kontakt\/#breadcrumb","itemListElement":[{"@type":"ListItem","position":1,"name":"Home","item":"https:\/\/www.crocedimalta.info\/de\/startseite\/"},{"@type":"ListItem","position":2,"name":"Kontakt"}]},{"@type":"WebSite","@id":"https:\/\/www.crocedimalta.info\/de\/#website","url":"https:\/\/www.crocedimalta.info\/de\/","name":"Croce di Malta","description":"","publisher":{"@id":"https:\/\/www.crocedimalta.info\/de\/#organization"},"potentialAction":[{"@type":"SearchAction","target":{"@type":"EntryPoint","urlTemplate":"https:\/\/www.crocedimalta.info\/de\/?s={search_term_string}"},"query-input":{"@type":"PropertyValueSpecification","valueRequired":true,"valueName":"search_term_string"}}],"inLanguage":"de"},{"@type":"Organization","@id":"https:\/\/www.crocedimalta.info\/de\/#organization","name":"Croce di Malta","url":"https:\/\/www.crocedimalta.info\/de\/","logo":{"@type":"ImageObject","inLanguage":"de","@id":"https:\/\/www.crocedimalta.info\/de\/#\/schema\/logo\/image\/","url":"https:\/\/www.crocedimalta.info\/wp-content\/uploads\/2025\/03\/croce-di-malta-logo.png","contentUrl":"https:\/\/www.crocedimalta.info\/wp-content\/uploads\/2025\/03\/croce-di-malta-logo.png","width":266,"height":122,"caption":"Croce di Malta"},"image":{"@id":"https:\/\/www.crocedimalta.info\/de\/#\/schema\/logo\/image\/"}}]}},"_links":{"self":[{"href":"https:\/\/www.crocedimalta.info\/de\/wp-json\/wp\/v2\/pages\/1793","targetHints":{"allow":["GET"]}}],"collection":[{"href":"https:\/\/www.crocedimalta.info\/de\/wp-json\/wp\/v2\/pages"}],"about":[{"href":"https:\/\/www.crocedimalta.info\/de\/wp-json\/wp\/v2\/types\/page"}],"author":[{"embeddable":true,"href":"https:\/\/www.crocedimalta.info\/de\/wp-json\/wp\/v2\/users\/2"}],"replies":[{"embeddable":true,"href":"https:\/\/www.crocedimalta.info\/de\/wp-json\/wp\/v2\/comments?post=1793"}],"version-history":[{"count":15,"href":"https:\/\/www.crocedimalta.info\/de\/wp-json\/wp\/v2\/pages\/1793\/revisions"}],"predecessor-version":[{"id":2093,"href":"https:\/\/www.crocedimalta.info\/de\/wp-json\/wp\/v2\/pages\/1793\/revisions\/2093"}],"wp:attachment":[{"href":"https:\/\/www.crocedimalta.info\/de\/wp-json\/wp\/v2\/media?parent=1793"}],"curies":[{"name":"wp","href":"https:\/\/api.w.org\/{rel}","templated":true}]}}